{"id":17795,"date":"2024-05-31T01:32:26","date_gmt":"2024-05-31T01:32:26","guid":{"rendered":"https:\/\/dvrealtyconsultants.com\/?page_id=17795"},"modified":"2024-08-07T21:45:35","modified_gmt":"2024-08-07T21:45:35","slug":"testimonials","status":"publish","type":"page","link":"https:\/\/dvrealtyconsultants.com\/index.php\/testimonials\/","title":{"rendered":"Testimonials"},"content":{"rendered":"\t\t<div data-elementor-type=\"wp-page\" data-elementor-id=\"17795\" class=\"elementor elementor-17795\" data-elementor-post-type=\"page\">\n\t\t\t\t\t\t<section class=\"elementor-section elementor-top-section elementor-element elementor-element-50af206 elementor-section-height-min-height elementor-section-boxed elementor-section-height-default elementor-section-items-middle\" data-id=\"50af206\" data-element_type=\"section\" data-settings=\"{&quot;background_background&quot;:&quot;classic&quot;,&quot;animation&quot;:&quot;none&quot;}\">\n\t\t\t\t\t\t\t<div class=\"elementor-background-overlay\"><\/div>\n\t\t\t\t\t\t\t<div class=\"elementor-container elementor-column-gap-default\">\n\t\t\t\t\t<div class=\"elementor-column elementor-col-100 elementor-top-column elementor-element elementor-element-29c0e50\" data-id=\"29c0e50\" data-element_type=\"column\">\n\t\t\t<div class=\"elementor-widget-wrap\">\n\t\t\t\t\t\t\t<\/div>\n\t\t<\/div>\n\t\t\t\t\t<\/div>\n\t\t<\/section>\n\t\t\t\t<section class=\"elementor-section elementor-top-section elementor-element elementor-element-ba62650 elementor-section-boxed elementor-section-height-default elementor-section-height-default\" data-id=\"ba62650\" data-element_type=\"section\">\n\t\t\t\t\t\t<div class=\"elementor-container elementor-column-gap-default\">\n\t\t\t\t\t<div class=\"elementor-column elementor-col-100 elementor-top-column elementor-element elementor-element-5f8ddbe\" data-id=\"5f8ddbe\" data-element_type=\"column\">\n\t\t\t<div class=\"elementor-widget-wrap elementor-element-populated\">\n\t\t\t\t\t\t<div class=\"elementor-element elementor-element-c48aa77 elementor-widget elementor-widget-heading\" data-id=\"c48aa77\" data-element_type=\"widget\" data-widget_type=\"heading.default\">\n\t\t\t\t<div class=\"elementor-widget-container\">\n\t\t\t<style>\/*! elementor - v3.21.0 - 20-05-2024 *\/\n.elementor-heading-title{padding:0;margin:0;line-height:1}.elementor-widget-heading .elementor-heading-title[class*=elementor-size-]>a{color:inherit;font-size:inherit;line-height:inherit}.elementor-widget-heading .elementor-heading-title.elementor-size-small{font-size:15px}.elementor-widget-heading .elementor-heading-title.elementor-size-medium{font-size:19px}.elementor-widget-heading .elementor-heading-title.elementor-size-large{font-size:29px}.elementor-widget-heading .elementor-heading-title.elementor-size-xl{font-size:39px}.elementor-widget-heading .elementor-heading-title.elementor-size-xxl{font-size:59px}<\/style><h2 class=\"elementor-heading-title elementor-size-large\">Testimonials<\/h2>\t\t<\/div>\n\t\t\t\t<\/div>\n\t\t\t\t<div class=\"elementor-element elementor-element-8c92a19 elementor-testimonial--skin-default elementor-testimonial--layout-image_inline elementor-testimonial--align-center elementor-arrows-yes elementor-pagination-type-bullets elementor-widget elementor-widget-testimonial-carousel\" data-id=\"8c92a19\" data-element_type=\"widget\" data-settings=\"{&quot;slides_per_view&quot;:&quot;2&quot;,&quot;show_arrows&quot;:&quot;yes&quot;,&quot;pagination&quot;:&quot;bullets&quot;,&quot;speed&quot;:500,&quot;autoplay&quot;:&quot;yes&quot;,&quot;autoplay_speed&quot;:5000,&quot;loop&quot;:&quot;yes&quot;,&quot;pause_on_hover&quot;:&quot;yes&quot;,&quot;pause_on_interaction&quot;:&quot;yes&quot;,&quot;space_between&quot;:{&quot;unit&quot;:&quot;px&quot;,&quot;size&quot;:10,&quot;sizes&quot;:[]},&quot;space_between_tablet&quot;:{&quot;unit&quot;:&quot;px&quot;,&quot;size&quot;:10,&quot;sizes&quot;:[]},&quot;space_between_mobile&quot;:{&quot;unit&quot;:&quot;px&quot;,&quot;size&quot;:10,&quot;sizes&quot;:[]}}\" data-widget_type=\"testimonial-carousel.default\">\n\t\t\t\t<div class=\"elementor-widget-container\">\n\t\t\t<link rel=\"stylesheet\" href=\"https:\/\/dvrealtyconsultants.com\/wp-content\/plugins\/elementor-pro\/assets\/css\/widget-carousel.min.css\">\t\t<div class=\"elementor-swiper\">\n\t\t\t<div class=\"elementor-main-swiper swiper\">\n\t\t\t\t<div class=\"swiper-wrapper\">\n\t\t\t\t\t\t\t\t\t\t\t<div class=\"swiper-slide\">\n\t\t\t\t\t\t\t\t\t<div class=\"elementor-testimonial\">\n\t\t\t\t\t\t\t<div class=\"elementor-testimonial__content\">\n\t\t\t\t\t<div class=\"elementor-testimonial__text\">\n\t\t\t\t\t\tEstou imensamente grato pela excepcional assist\u00eancia prestada pelo amigo e corretor de im\u00f3veis Daniel Vanzelli quando da compra das minhas propriedades na Fl\u00f3rida. Sua expertise, dedica\u00e7\u00e3o e comprometimento tornaram todo o processo de compra e venda das propriedades muito mais tranquilo e agrad\u00e1vel do que pude imaginar. Desde o primeiro contato at\u00e9 o fechamento do neg\u00f3cio, ele demonstrou profissionalismo exemplar, sempre atento \u00e0s necessidades e respondendo prontamente a todas as minhas duvidas. Sua orienta\u00e7\u00e3o foi inestim\u00e1vel!!! Recomendo o Daniel a qualquer pessoa que esteja procurando comprar ou vender propriedades na Fl\u00f3rida. Obrigado mais uma vez por seu excelente servi\u00e7o e apoio durante todo o processo.\t\t\t\t\t<\/div>\n\t\t\t\t\t\t\t\t\t<\/div>\n\t\t\t\t\t\t<div class=\"elementor-testimonial__footer\">\n\t\t\t\t\t\t\t\t\t<div class=\"elementor-testimonial__image\">\n\t\t\t\t\t\t<img decoding=\"async\" src=\"https:\/\/dvrealtyconsultants.com\/wp-content\/uploads\/2024\/07\/logo-r-e1716993775320.webp\" alt=\"Marcelo Alves Rodrigues\">\n\t\t\t\t\t\t\t\t\t\t\t<\/div>\n\t\t\t\t\t\t\t\t<cite class=\"elementor-testimonial__cite\"><span class=\"elementor-testimonial__name\">Marcelo Alves Rodrigues<\/span><\/cite>\t\t\t<\/div>\n\t\t<\/div>\n\t\t\t\t\t\t\t\t<\/div>\n\t\t\t\t\t\t\t\t\t\t\t<div class=\"swiper-slide\">\n\t\t\t\t\t\t\t\t\t<div class=\"elementor-testimonial\">\n\t\t\t\t\t\t\t<div class=\"elementor-testimonial__content\">\n\t\t\t\t\t<div class=\"elementor-testimonial__text\">\n\t\t\t\t\t\tHi Daniel\n\nWe are more than  happy to provide you with a testimonial.\n\nWe have known Daniel Vanzelli for more than 20 years as a broker\/realtor he helped us buy our Florida home. He is professional very friendly and nothing was to much trouble for him as we were searching for our home.\nOver the years he has continued to help us when we needed advice and has become a good friend.\nWe would highly recommend him to any one looking for advice or thinking of buying property as he offers a first class service.\t\t\t\t\t<\/div>\n\t\t\t\t\t\t\t\t\t<\/div>\n\t\t\t\t\t\t<div class=\"elementor-testimonial__footer\">\n\t\t\t\t\t\t\t\t\t<div class=\"elementor-testimonial__image\">\n\t\t\t\t\t\t<img decoding=\"async\" src=\"https:\/\/dvrealtyconsultants.com\/wp-content\/uploads\/2024\/07\/logo-r-e1716993775320.webp\" alt=\"Stephen and Sue Rigby\">\n\t\t\t\t\t\t\t\t\t\t\t<\/div>\n\t\t\t\t\t\t\t\t<cite class=\"elementor-testimonial__cite\"><span class=\"elementor-testimonial__name\">Stephen and Sue Rigby<\/span><\/cite>\t\t\t<\/div>\n\t\t<\/div>\n\t\t\t\t\t\t\t\t<\/div>\n\t\t\t\t\t\t\t\t\t\t\t<div class=\"swiper-slide\">\n\t\t\t\t\t\t\t\t\t<div class=\"elementor-testimonial\">\n\t\t\t\t\t\t\t<div class=\"elementor-testimonial__content\">\n\t\t\t\t\t<div class=\"elementor-testimonial__text\">\n\t\t\t\t\t\tGostar\u00edamos de expressar nossos cumprimentos e agradecimentos pelo seu trabalho como corretor. Estamos muito felizes com a aquisi\u00e7\u00e3o da nova casa e n\u00e3o podemos deixar de lembrar do seu incentivo. Recordamos da primeira vez em que voc\u00ea nos trouxe para conhecer a casa, por achar que se encaixava em nosso perfil e que gostar\u00edamos dela. Se n\u00e3o fosse pelo seu esfor\u00e7o e empenho para satisfazer nossos planos e chegar a um acordo financeiro junto ao antigo propriet\u00e1rio, n\u00e3o estar\u00edamos aqui hoje. Queremos tamb\u00e9m agradecer pela sua aten\u00e7\u00e3o e honestidade ao relatar a real condi\u00e7\u00e3o em que a propriedade se encontrava, nos orientando e solucionando problemas, como o ar-condicionado, a localiza\u00e7\u00e3o da jacuzzi, entre outros. Al\u00e9m de toda orienta\u00e7\u00e3o e acompanhamento que nos deu em rela\u00e7\u00e3o ao financiamento.\n\nPara finalizar, com muito carinho, queremos dizer que voc\u00ea faz parte do nosso sonho que se realizou e que j\u00e1 recomendamos seu nome e sua empresa para v\u00e1rios amigos.\n\nContinue assim. Sucesso! E que Deus o aben\u00e7oe.\t\t\t\t\t<\/div>\n\t\t\t\t\t\t\t\t\t<\/div>\n\t\t\t\t\t\t<div class=\"elementor-testimonial__footer\">\n\t\t\t\t\t\t\t\t\t<div class=\"elementor-testimonial__image\">\n\t\t\t\t\t\t<img decoding=\"async\" src=\"https:\/\/dvrealtyconsultants.com\/wp-content\/uploads\/2024\/07\/logo-r-e1716993775320.webp\" alt=\"Silvana e Claudio C\">\n\t\t\t\t\t\t\t\t\t\t\t<\/div>\n\t\t\t\t\t\t\t\t<cite class=\"elementor-testimonial__cite\"><span class=\"elementor-testimonial__name\">Silvana e Claudio C<\/span><\/cite>\t\t\t<\/div>\n\t\t<\/div>\n\t\t\t\t\t\t\t\t<\/div>\n\t\t\t\t\t\t\t\t\t\t\t<div class=\"swiper-slide\">\n\t\t\t\t\t\t\t\t\t<div class=\"elementor-testimonial\">\n\t\t\t\t\t\t\t<div class=\"elementor-testimonial__content\">\n\t\t\t\t\t<div class=\"elementor-testimonial__text\">\n\t\t\t\t\t\tVery many thanks to you Daniel for all your help and supporting during the last nine months of construction of our property. It was wonderful for us to have someone keeping in touch over what could have been a very stressful time.  I think buying a home near to you can be stressful enough, but to buy one in another country is far worse.   So many thanks again.\n\nHope to speak with you soon\t\t\t\t\t<\/div>\n\t\t\t\t\t\t\t\t\t<\/div>\n\t\t\t\t\t\t<div class=\"elementor-testimonial__footer\">\n\t\t\t\t\t\t\t\t\t<div class=\"elementor-testimonial__image\">\n\t\t\t\t\t\t<img decoding=\"async\" src=\"https:\/\/dvrealtyconsultants.com\/wp-content\/uploads\/2024\/07\/logo-r-e1716993775320.webp\" alt=\"Ray and Elaine Gold\">\n\t\t\t\t\t\t\t\t\t\t\t<\/div>\n\t\t\t\t\t\t\t\t<cite class=\"elementor-testimonial__cite\"><span class=\"elementor-testimonial__name\">Ray and Elaine Gold<\/span><\/cite>\t\t\t<\/div>\n\t\t<\/div>\n\t\t\t\t\t\t\t\t<\/div>\n\t\t\t\t\t\t\t\t\t\t\t<div class=\"swiper-slide\">\n\t\t\t\t\t\t\t\t\t<div class=\"elementor-testimonial\">\n\t\t\t\t\t\t\t<div class=\"elementor-testimonial__content\">\n\t\t\t\t\t<div class=\"elementor-testimonial__text\">\n\t\t\t\t\t\tPrezado Daniel\n\nEu gostaria de agradecer or toda a sua ajuda na compra e na venda de nossa casa na Florida.  Especialmente na disposi\u00e7\u00e3o em prestar todo tipo de esclarecimento e despachos necessitados durante todos os processos de transa\u00e7\u00e3o.   Bem como durante todo o periodo de manuten\u00e7\u00e3o e administra\u00e7\u00e3o da casa enquanto eu estava longe aqui no Brasil.\nPosso assegurar que sem o seu aux\u00edlio nada disso seria poss\u00edvel.   Desejo toda a sorte e sucesso na sua carreira.  Acredito que voce realmente faz por merecer.\n\nUm grande abra\u00e7o\t\t\t\t\t<\/div>\n\t\t\t\t\t\t\t\t\t<\/div>\n\t\t\t\t\t\t<div class=\"elementor-testimonial__footer\">\n\t\t\t\t\t\t\t\t\t<div class=\"elementor-testimonial__image\">\n\t\t\t\t\t\t<img decoding=\"async\" src=\"https:\/\/dvrealtyconsultants.com\/wp-content\/uploads\/2024\/07\/logo-r-e1716993775320.webp\" alt=\"Fabio L\">\n\t\t\t\t\t\t\t\t\t\t\t<\/div>\n\t\t\t\t\t\t\t\t<cite class=\"elementor-testimonial__cite\"><span class=\"elementor-testimonial__name\">Fabio L<\/span><\/cite>\t\t\t<\/div>\n\t\t<\/div>\n\t\t\t\t\t\t\t\t<\/div>\n\t\t\t\t\t\t\t\t\t\t\t<div class=\"swiper-slide\">\n\t\t\t\t\t\t\t\t\t<div class=\"elementor-testimonial\">\n\t\t\t\t\t\t\t<div class=\"elementor-testimonial__content\">\n\t\t\t\t\t<div class=\"elementor-testimonial__text\">\n\t\t\t\t\t\tBom dia Daniel\n\nGostaria de agradecer pelo seu servi\u00e7o prestado na venda da minha casa.\nObrigado pela dedica\u00e7\u00e3o, honestidade, pontualidade e pasciencia para tirar nossas duvidas.\nEspero realizar novas negocia\u00e7\u00f5es futuramento\t\t\t\t\t<\/div>\n\t\t\t\t\t\t\t\t\t<\/div>\n\t\t\t\t\t\t<div class=\"elementor-testimonial__footer\">\n\t\t\t\t\t\t\t\t\t<div class=\"elementor-testimonial__image\">\n\t\t\t\t\t\t<img decoding=\"async\" src=\"https:\/\/dvrealtyconsultants.com\/wp-content\/uploads\/2024\/07\/logo-r-e1716993775320.webp\" alt=\"Lucial L\">\n\t\t\t\t\t\t\t\t\t\t\t<\/div>\n\t\t\t\t\t\t\t\t<cite class=\"elementor-testimonial__cite\"><span class=\"elementor-testimonial__name\">Lucial L<\/span><\/cite>\t\t\t<\/div>\n\t\t<\/div>\n\t\t\t\t\t\t\t\t<\/div>\n\t\t\t\t\t\t\t\t\t\t\t<div class=\"swiper-slide\">\n\t\t\t\t\t\t\t\t\t<div class=\"elementor-testimonial\">\n\t\t\t\t\t\t\t<div class=\"elementor-testimonial__content\">\n\t\t\t\t\t<div class=\"elementor-testimonial__text\">\n\t\t\t\t\t\tDaniel Vanzelli \u00e9 um profissional do Real Estate que congrega as qualidades necess\u00e1rias ( transpar\u00eancia e expertise )para uma segura aquisi\u00e7\u00e3o imobili\u00e1ria em Orlando, e ap\u00f3s, ainda presta uma assist\u00eancia de grande valor para a adapta\u00e7\u00e3o confort\u00e1vel do comprador. Daniel entende do neg\u00f3cio!\t\t\t\t\t<\/div>\n\t\t\t\t\t\t\t\t\t<\/div>\n\t\t\t\t\t\t<div class=\"elementor-testimonial__footer\">\n\t\t\t\t\t\t\t\t\t<div class=\"elementor-testimonial__image\">\n\t\t\t\t\t\t<img decoding=\"async\" src=\"https:\/\/dvrealtyconsultants.com\/wp-content\/uploads\/2024\/07\/logo-r-e1716993775320.webp\" alt=\"Peter Almeida\">\n\t\t\t\t\t\t\t\t\t\t\t<\/div>\n\t\t\t\t\t\t\t\t<cite class=\"elementor-testimonial__cite\"><span class=\"elementor-testimonial__name\">Peter Almeida<\/span><\/cite>\t\t\t<\/div>\n\t\t<\/div>\n\t\t\t\t\t\t\t\t<\/div>\n\t\t\t\t\t\t\t\t\t<\/div>\n\t\t\t\t\t\t\t\t\t\t\t\t\t\t\t<div class=\"swiper-pagination\"><\/div>\n\t\t\t\t\t\t\t\t\t\t\t\t\t\t\t\t<div class=\"elementor-swiper-button elementor-swiper-button-prev\" role=\"button\" tabindex=\"0\">\n\t\t\t\t\t\t\t<svg aria-hidden=\"true\" class=\"e-font-icon-svg e-eicon-chevron-left\" viewBox=\"0 0 1000 1000\" xmlns=\"http:\/\/www.w3.org\/2000\/svg\"><path d=\"M646 125C629 125 613 133 604 142L308 442C296 454 292 471 292 487 292 504 296 521 308 533L604 854C617 867 629 875 646 875 663 875 679 871 692 858 704 846 713 829 713 812 713 796 708 779 692 767L438 487 692 225C700 217 708 204 708 187 708 171 704 154 692 142 675 129 663 125 646 125Z\"><\/path><\/svg>\t\t\t\t\t\t\t<span class=\"elementor-screen-only\">Previous<\/span>\n\t\t\t\t\t\t<\/div>\n\t\t\t\t\t\t<div class=\"elementor-swiper-button elementor-swiper-button-next\" role=\"button\" tabindex=\"0\">\n\t\t\t\t\t\t\t<svg aria-hidden=\"true\" class=\"e-font-icon-svg e-eicon-chevron-right\" viewBox=\"0 0 1000 1000\" xmlns=\"http:\/\/www.w3.org\/2000\/svg\"><path d=\"M696 533C708 521 713 504 713 487 713 471 708 454 696 446L400 146C388 133 375 125 354 125 338 125 325 129 313 142 300 154 292 171 292 187 292 204 296 221 308 233L563 492 304 771C292 783 288 800 288 817 288 833 296 850 308 863 321 871 338 875 354 875 371 875 388 867 400 854L696 533Z\"><\/path><\/svg>\t\t\t\t\t\t\t<span class=\"elementor-screen-only\">Next<\/span>\n\t\t\t\t\t\t<\/div>\n\t\t\t\t\t\t\t\t\t\t\t\t<\/div>\n\t\t<\/div>\n\t\t\t\t<\/div>\n\t\t\t\t<\/div>\n\t\t\t\t\t<\/div>\n\t\t<\/div>\n\t\t\t\t\t<\/div>\n\t\t<\/section>\n\t\t\t\t<\/div>\n\t\t","protected":false},"excerpt":{"rendered":"<p>Estou imensamente grato pela excepcional assist\u00eancia prestada pelo amigo e corretor de im\u00f3veis Daniel Vanzelli quando da compra das minhas propriedades na Fl\u00f3rida. Sua expertise, dedica\u00e7\u00e3o e comprometimento tornaram todo o processo de compra e venda das propriedades muito mais tranquilo e agrad\u00e1vel do que pude imaginar. Desde o primeiro contato at\u00e9 o fechamento do&#8230;<a href=\"https:\/\/dvrealtyconsultants.com\/index.php\/testimonials\/\" class=\"epl-more-link\">Read More&rarr;<\/a><\/p>\n","protected":false},"author":3,"featured_media":0,"parent":0,"menu_order":0,"comment_status":"closed","ping_status":"closed","template":"elementor_header_footer","meta":{"footnotes":""},"_links":{"self":[{"href":"https:\/\/dvrealtyconsultants.com\/index.php\/wp-json\/wp\/v2\/pages\/17795"}],"collection":[{"href":"https:\/\/dvrealtyconsultants.com\/index.php\/wp-json\/wp\/v2\/pages"}],"about":[{"href":"https:\/\/dvrealtyconsultants.com\/index.php\/wp-json\/wp\/v2\/types\/page"}],"author":[{"embeddable":true,"href":"https:\/\/dvrealtyconsultants.com\/index.php\/wp-json\/wp\/v2\/users\/3"}],"replies":[{"embeddable":true,"href":"https:\/\/dvrealtyconsultants.com\/index.php\/wp-json\/wp\/v2\/comments?post=17795"}],"version-history":[{"count":48,"href":"https:\/\/dvrealtyconsultants.com\/index.php\/wp-json\/wp\/v2\/pages\/17795\/revisions"}],"predecessor-version":[{"id":18034,"href":"https:\/\/dvrealtyconsultants.com\/index.php\/wp-json\/wp\/v2\/pages\/17795\/revisions\/18034"}],"wp:attachment":[{"href":"https:\/\/dvrealtyconsultants.com\/index.php\/wp-json\/wp\/v2\/media?parent=17795"}],"curies":[{"name":"wp","href":"https:\/\/api.w.org\/{rel}","templated":true}]}}